{"id":769,"date":"2014-09-22T13:14:16","date_gmt":"2014-09-22T11:14:16","guid":{"rendered":"http:\/\/www.rebeccapeschke.de\/?page_id=769"},"modified":"2016-02-04T10:36:37","modified_gmt":"2016-02-04T08:36:37","slug":"videos","status":"publish","type":"page","link":"https:\/\/www.rebeccapeschke.de\/?page_id=769","title":{"rendered":"Videos"},"content":{"rendered":"<div class=\"srizon-yt-container\" id=\"srizonytscroller1\"><div class=\"descbox ratio2575\">\t<div class=\"yt-twd-outer roundingnone\">\t\t<div class=\"imgbox twdthumb shadownone\" ><a class=\"magpopif\" href=\"https:\/\/www.youtube.com\/watch?v=WgtalzJE_ds\"><img alt=\"WOMBATS unplugged - Lord of the dance @ Europ. Nacht, Haslach 2014\" src=\"https:\/\/i.ytimg.com\/vi\/WgtalzJE_ds\/mqdefault.jpg\" \/><div class=\"vidicon\"><\/div><\/a><\/div>\t<\/div> <div class=\"titlendesc\">\t\t<h5 class=\"titledesc\"><a class=\"magpopif\" href=\"https:\/\/www.youtube.com\/watch?v=WgtalzJE_ds\">WOMBATS unplugged - Lord of the dance @ Europ. Nacht, Haslach 2014<\/a><\/h5>\t\t<div class=\"descdesc\">WOMBATS unplugged auf der Europ\u00e4ischen Nacht in Haslach vor einem sensationellen Publikum!\nRebecca Peschke - Gesang, Viola, Violine\nRalph \"Steckle\" Schneider - Gesang, Piano, Cajon, Harp\nWolfgang \"Sch...<\/div>\t<\/div><\/div><div class=\"divider\"><\/div><div class=\"descbox ratio2575\">\t<div class=\"yt-twd-outer roundingnone\">\t\t<div class=\"imgbox twdthumb shadownone\" ><a class=\"magpopif\" href=\"https:\/\/www.youtube.com\/watch?v=lGjWwaiV5wU\"><img alt=\"WOMBATS unplugged - Country Roads\" src=\"https:\/\/i.ytimg.com\/vi\/lGjWwaiV5wU\/mqdefault.jpg\" \/><div class=\"vidicon\"><\/div><\/a><\/div>\t<\/div> <div class=\"titlendesc\">\t\t<h5 class=\"titledesc\"><a class=\"magpopif\" href=\"https:\/\/www.youtube.com\/watch?v=lGjWwaiV5wU\">WOMBATS unplugged - Country Roads<\/a><\/h5>\t\t<div class=\"descdesc\">WOMBATS unplugged auf dem Dorffest in Lahr - Sulz am 6.9.2014 im Festzelt des TV Sulz.\nSuper Party mit klasse Publikum!\nRebecca Peschke - Gesang, Viola, Violine\nRalph \"Steckle\" Schneider - Gesang, Pia...<\/div>\t<\/div><\/div><div class=\"divider\"><\/div><div class=\"descbox ratio2575\">\t<div class=\"yt-twd-outer roundingnone\">\t\t<div class=\"imgbox twdthumb shadownone\" ><a class=\"magpopif\" href=\"https:\/\/www.youtube.com\/watch?v=4quILn8Md6M\"><img alt=\"Lord of the dance - Livekonzert der Wombats x-mas 2010 (Furtwangen & Schonach)\" src=\"https:\/\/i.ytimg.com\/vi\/4quILn8Md6M\/mqdefault.jpg\" \/><div class=\"vidicon\"><\/div><\/a><\/div>\t<\/div> <div class=\"titlendesc\">\t\t<h5 class=\"titledesc\"><a class=\"magpopif\" href=\"https:\/\/www.youtube.com\/watch?v=4quILn8Md6M\">Lord of the dance - Livekonzert der Wombats x-mas 2010 (Furtwangen & Schonach)<\/a><\/h5>\t\t<div class=\"descdesc\">Konzert der Schonacher Kultband \"Wombats\"\r\nin Furtwangen und Schonach<\/div>\t<\/div><\/div><div class=\"divider\"><\/div><div class=\"descbox ratio2575\">\t<div class=\"yt-twd-outer roundingnone\">\t\t<div class=\"imgbox twdthumb shadownone\" ><a class=\"magpopif\" href=\"https:\/\/www.youtube.com\/watch?v=uiEAxGQreQQ\"><img alt=\"City - Am Fenster cover by mini-rock\" src=\"https:\/\/i.ytimg.com\/vi\/uiEAxGQreQQ\/mqdefault.jpg\" \/><div class=\"vidicon\"><\/div><\/a><\/div>\t<\/div> <div class=\"titlendesc\">\t\t<h5 class=\"titledesc\"><a class=\"magpopif\" href=\"https:\/\/www.youtube.com\/watch?v=uiEAxGQreQQ\">City - Am Fenster cover by mini-rock<\/a><\/h5>\t\t<div class=\"descdesc\">Der City Kult-Hit - live cover von mini-rock\r\nam Strassenmusik-Sonntag in Br\u00e4unlingen, 2010<\/div>\t<\/div><\/div><div class=\"divider\"><\/div><div class=\"descbox ratio2575\">\t<div class=\"yt-twd-outer roundingnone\">\t\t<div class=\"imgbox twdthumb shadownone\" ><a class=\"magpopif\" href=\"https:\/\/www.youtube.com\/watch?v=3bQoEB2qHAM\"><img alt=\"Trink doch eine met - WOMBATS feat. Erry & SV Waldkirch\" src=\"https:\/\/i.ytimg.com\/vi\/3bQoEB2qHAM\/mqdefault.jpg\" \/><div class=\"vidicon\"><\/div><\/a><\/div>\t<\/div> <div class=\"titlendesc\">\t\t<h5 class=\"titledesc\"><a class=\"magpopif\" href=\"https:\/\/www.youtube.com\/watch?v=3bQoEB2qHAM\">Trink doch eine met - WOMBATS feat. Erry & SV Waldkirch<\/a><\/h5>\t\t<div class=\"descdesc\">Die WOMBATS mit Special-Guest Erry von den Bl\u00e4ck F\u00f6\u00f6ss\nund als Chor die Spieler des SV Waldkirch nach ihrem klasse DFB Pokalspiel gegen den Tabellenf\u00fchrer der 2. Bundesliga Greuther F\u00fcrth am 16.8.2014...<\/div>\t<\/div><\/div><div class=\"divider\"><\/div><div class=\"descbox ratio2575\">\t<div class=\"yt-twd-outer roundingnone\">\t\t<div class=\"imgbox twdthumb shadownone\" ><a class=\"magpopif\" href=\"https:\/\/www.youtube.com\/watch?v=Ufjd8OIH8V4\"><img alt=\"Whisky for the Rowdies Wombats Music\" src=\"https:\/\/i.ytimg.com\/vi\/Ufjd8OIH8V4\/mqdefault.jpg\" \/><div class=\"vidicon\"><\/div><\/a><\/div>\t<\/div> <div class=\"titlendesc\">\t\t<h5 class=\"titledesc\"><a class=\"magpopif\" href=\"https:\/\/www.youtube.com\/watch?v=Ufjd8OIH8V4\">Whisky for the Rowdies Wombats Music<\/a><\/h5>\t\t<div class=\"descdesc\">Cover von Whisky for the Rowdies Paddy goes to Holyhead).\nWombats Open Air 2014<\/div>\t<\/div><\/div><div class=\"divider\"><\/div><div class=\"descbox ratio2575\">\t<div class=\"yt-twd-outer roundingnone\">\t\t<div class=\"imgbox twdthumb shadownone\" ><a class=\"magpopif\" href=\"https:\/\/www.youtube.com\/watch?v=s-4IbV_2G2E\"><img alt=\"Am Fenster unplugged\" src=\"https:\/\/i.ytimg.com\/vi\/s-4IbV_2G2E\/mqdefault.jpg\" \/><div class=\"vidicon\"><\/div><\/a><\/div>\t<\/div> <div class=\"titlendesc\">\t\t<h5 class=\"titledesc\"><a class=\"magpopif\" href=\"https:\/\/www.youtube.com\/watch?v=s-4IbV_2G2E\">Am Fenster unplugged<\/a><\/h5>\t\t<div class=\"descdesc\">Der gr\u00f6\u00dfte Hit der \"Ost-Band\" City AM FENSTER gecovert von den Wombats unplugged in der Kaktus Bar in Blumberg. Rebecca an der Geige ist hier wirklich unglaublich.\n\nBesucht uns auch auf unserer Heimat...<\/div>\t<\/div><\/div><div class=\"divider\"><\/div><div class=\"descbox ratio2575\">\t<div class=\"yt-twd-outer roundingnone\">\t\t<div class=\"imgbox twdthumb shadownone\" ><a class=\"magpopif\" href=\"https:\/\/www.youtube.com\/watch?v=svq0kPgY1oM\"><img alt=\"Jahresr\u00fcckblick mit den Wombats\" src=\"https:\/\/i.ytimg.com\/vi\/svq0kPgY1oM\/mqdefault.jpg\" \/><div class=\"vidicon\"><\/div><\/a><\/div>\t<\/div> <div class=\"titlendesc\">\t\t<h5 class=\"titledesc\"><a class=\"magpopif\" href=\"https:\/\/www.youtube.com\/watch?v=svq0kPgY1oM\">Jahresr\u00fcckblick mit den Wombats<\/a><\/h5>\t\t<div class=\"descdesc\">Weihnachtsgr\u00fcsse von den Wombats an all unsere Freunde, die uns nicht nur 2012 begleitet haben.<\/div>\t<\/div><\/div><div class=\"divider\"><\/div><div class=\"descbox ratio2575\">\t<div class=\"yt-twd-outer roundingnone\">\t\t<div class=\"imgbox twdthumb shadownone\" ><a class=\"magpopif\" href=\"https:\/\/www.youtube.com\/watch?v=GJ2CrtoN-JY\"><img alt=\"Wombats unplugged Triberg\" src=\"https:\/\/i.ytimg.com\/vi\/GJ2CrtoN-JY\/mqdefault.jpg\" \/><div class=\"vidicon\"><\/div><\/a><\/div>\t<\/div> <div class=\"titlendesc\">\t\t<h5 class=\"titledesc\"><a class=\"magpopif\" href=\"https:\/\/www.youtube.com\/watch?v=GJ2CrtoN-JY\">Wombats unplugged Triberg<\/a><\/h5>\t\t<div class=\"descdesc\"><\/div>\t<\/div><\/div><div class=\"divider\"><\/div><div class=\"descbox ratio2575\">\t<div class=\"yt-twd-outer roundingnone\">\t\t<div class=\"imgbox twdthumb shadownone\" ><a class=\"magpopif\" href=\"https:\/\/www.youtube.com\/watch?v=YTAyJlelE9E\"><img alt=\"WOMBATS unplugged - Irish Medley (Irish washerwoman, bold o'donahue)\" src=\"https:\/\/i.ytimg.com\/vi\/YTAyJlelE9E\/mqdefault.jpg\" \/><div class=\"vidicon\"><\/div><\/a><\/div>\t<\/div> <div class=\"titlendesc\">\t\t<h5 class=\"titledesc\"><a class=\"magpopif\" href=\"https:\/\/www.youtube.com\/watch?v=YTAyJlelE9E\">WOMBATS unplugged - Irish Medley (Irish washerwoman, bold o'donahue)<\/a><\/h5>\t\t<div class=\"descdesc\">WOMBATS unplugged auf dem Dorffest in Lahr - Sulz am 6.9.2014 im Festzelt des TV Sulz.\nSuper Party mit klasse Publikum!\nRebecca Peschke - Gesang, Viola, Violine\nRalph \"Steckle\" Schneider - Gesang, Pia...<\/div>\t<\/div><\/div><div class=\"divider\"><\/div><div class=\"descbox ratio2575\">\t<div class=\"yt-twd-outer roundingnone\">\t\t<div class=\"imgbox twdthumb shadownone\" ><a class=\"magpopif\" href=\"https:\/\/www.youtube.com\/watch?v=vTmOEBdjGqc\"><img alt=\"Chasing Cars - Cover by The left behinds & Rebecca\" src=\"https:\/\/i.ytimg.com\/vi\/vTmOEBdjGqc\/mqdefault.jpg\" \/><div class=\"vidicon\"><\/div><\/a><\/div>\t<\/div> <div class=\"titlendesc\">\t\t<h5 class=\"titledesc\"><a class=\"magpopif\" href=\"https:\/\/www.youtube.com\/watch?v=vTmOEBdjGqc\">Chasing Cars - Cover by The left behinds & Rebecca<\/a><\/h5>\t\t<div class=\"descdesc\">Live - Recording vom Konzert am 21.Juni im MUZ Club N\u00fcrnberg<\/div>\t<\/div><\/div><div class=\"divider\"><\/div><div class=\"descbox ratio2575\">\t<div class=\"yt-twd-outer roundingnone\">\t\t<div class=\"imgbox twdthumb shadownone\" ><a class=\"magpopif\" href=\"https:\/\/www.youtube.com\/watch?v=h5n4NuYv3w8\"><img alt=\"Ralph Panzer TRIO - stay (Rihanna acoustic cover)\" src=\"https:\/\/i.ytimg.com\/vi\/h5n4NuYv3w8\/mqdefault.jpg\" \/><div class=\"vidicon\"><\/div><\/a><\/div>\t<\/div> <div class=\"titlendesc\">\t\t<h5 class=\"titledesc\"><a class=\"magpopif\" href=\"https:\/\/www.youtube.com\/watch?v=h5n4NuYv3w8\">Ralph Panzer TRIO - stay (Rihanna acoustic cover)<\/a><\/h5>\t\t<div class=\"descdesc\">Acoustic cover of Rihanna`s \"stay\" Aufgenommen 2015 im Tonstudio Katzer\n\nRalph Panzer TRIO are\n\nRalph Panzer....Vocals\nSabine M\u00fcller....Vocals\/Piano\nRebecca Peschke.....Violine\n\nSound & Video: Romin K...<\/div>\t<\/div><\/div><div class=\"divider\"><\/div><div style=\"clear:both;\"><\/div><\/div>\n","protected":false},"excerpt":{"rendered":"","protected":false},"author":1,"featured_media":0,"parent":0,"menu_order":0,"comment_status":"open","ping_status":"closed","template":"","meta":[],"_links":{"self":[{"href":"https:\/\/www.rebeccapeschke.de\/index.php?rest_route=\/wp\/v2\/pages\/769"}],"collection":[{"href":"https:\/\/www.rebeccapeschke.de\/index.php?rest_route=\/wp\/v2\/pages"}],"about":[{"href":"https:\/\/www.rebeccapeschke.de\/index.php?rest_route=\/wp\/v2\/types\/page"}],"author":[{"embeddable":true,"href":"https:\/\/www.rebeccapeschke.de\/index.php?rest_route=\/wp\/v2\/users\/1"}],"replies":[{"embeddable":true,"href":"https:\/\/www.rebeccapeschke.de\/index.php?rest_route=%2Fwp%2Fv2%2Fcomments&post=769"}],"version-history":[{"count":5,"href":"https:\/\/www.rebeccapeschke.de\/index.php?rest_route=\/wp\/v2\/pages\/769\/revisions"}],"predecessor-version":[{"id":945,"href":"https:\/\/www.rebeccapeschke.de\/index.php?rest_route=\/wp\/v2\/pages\/769\/revisions\/945"}],"wp:attachment":[{"href":"https:\/\/www.rebeccapeschke.de\/index.php?rest_route=%2Fwp%2Fv2%2Fmedia&parent=769"}],"curies":[{"name":"wp","href":"https:\/\/api.w.org\/{rel}","templated":true}]}}